{"id":20,"date":"2017-10-31T20:15:35","date_gmt":"2017-10-31T20:15:35","guid":{"rendered":"http:\/\/wordpress.backlights.de\/?page_id=20"},"modified":"2017-11-04T21:00:44","modified_gmt":"2017-11-04T21:00:44","slug":"info","status":"publish","type":"page","link":"http:\/\/wordpress.backlights.de\/","title":{"rendered":""},"content":{"rendered":"<div id=\"contentWrapper\" class=\"contentWrapperDottedLine\">\n<div id=\"content\">\n<h2>Faded Backlights | Die Liveband mit der Partygarantie<\/h2>\n<p>Sie suchen keine 0-8-15 Tanzband sondern etwas Besonderes? Dann sind Sie bei den Faded Backlights genau richtig. Denn die mehrk\u00f6pfige Partyband, bestehend aus m\u00e4nnlichem und weiblichem Gesang, Keyboard, zwei Gitarren, Bass, Schlagzeug, Saxophon und wahlweise zus\u00e4tzlich Percussion, spielt nicht nur professionell, sondern versteht es auch das Publikum mitzurei\u00dfen.<\/p>\n<p>Wir machen wir das? Ganz einfach: Indem die befreundeten Musiker selbst Spa\u00df auf der B\u00fchne haben. Denn nur wer selbst brennt, kann auch andere anstecken. So springt der Funke zum Publikum garantiert \u00fcber. Egal ob Stadtfest, Party, Firmenevent, Abiball, Geburtstag oder Hochzeit &#8211; die Faded Backlights begeistern ihr Publikum mit Klassikern der Rock- und Popmusik, Partysongs, aktuellen Charts oder auch klassischen St\u00fccken und sch\u00f6nen Balladen.<\/p>\n<p>&nbsp;<\/p>\n<\/div>\n<\/div>\n","protected":false},"excerpt":{"rendered":"<p>Faded Backlights | Die Liveband mit der Partygarantie Sie suchen keine 0-8-15 Tanzband sondern etwas Besonderes? Dann sind Sie bei den Faded Backlights genau richtig. Denn die mehrk\u00f6pfige Partyband, bestehend aus m\u00e4nnlichem und weiblichem Gesang, Keyboard, zwei Gitarren, Bass, Schlagzeug, Saxophon und wahlweise zus\u00e4tzlich Percussion, <span class=\"read-more\"><a class=\"more-link btn btn-transparent\" href=\"http:\/\/wordpress.backlights.de\/\">Read More &#8230;<\/a><\/span><\/p>\n","protected":false},"author":1,"featured_media":0,"parent":0,"menu_order":0,"comment_status":"closed","ping_status":"closed","template":"","meta":{"footnotes":""},"class_list":["post-20","page","type-page","status-publish","hentry"],"_links":{"self":[{"href":"http:\/\/wordpress.backlights.de\/index.php?rest_route=\/wp\/v2\/pages\/20","targetHints":{"allow":["GET"]}}],"collection":[{"href":"http:\/\/wordpress.backlights.de\/index.php?rest_route=\/wp\/v2\/pages"}],"about":[{"href":"http:\/\/wordpress.backlights.de\/index.php?rest_route=\/wp\/v2\/types\/page"}],"author":[{"embeddable":true,"href":"http:\/\/wordpress.backlights.de\/index.php?rest_route=\/wp\/v2\/users\/1"}],"replies":[{"embeddable":true,"href":"http:\/\/wordpress.backlights.de\/index.php?rest_route=%2Fwp%2Fv2%2Fcomments&post=20"}],"version-history":[{"count":11,"href":"http:\/\/wordpress.backlights.de\/index.php?rest_route=\/wp\/v2\/pages\/20\/revisions"}],"predecessor-version":[{"id":245,"href":"http:\/\/wordpress.backlights.de\/index.php?rest_route=\/wp\/v2\/pages\/20\/revisions\/245"}],"wp:attachment":[{"href":"http:\/\/wordpress.backlights.de\/index.php?rest_route=%2Fwp%2Fv2%2Fmedia&parent=20"}],"curies":[{"name":"wp","href":"https:\/\/api.w.org\/{rel}","templated":true}]}}